{"id":270,"date":"2022-10-25T13:38:10","date_gmt":"2022-10-25T10:38:10","guid":{"rendered":"https:\/\/gagea.eu\/politica-cookie-uri-ue\/"},"modified":"2022-10-26T17:01:27","modified_gmt":"2022-10-26T14:01:27","slug":"politica-cookie-uri-ue","status":"publish","type":"page","link":"https:\/\/gagea.eu\/en\/politica-cookie-uri-ue\/","title":{"rendered":"Politic\u0103 cookie-uri (UE)"},"content":{"rendered":"<h1>Politic\u0103 cookie-uri (UE)<\/h1>\n<p>Aceast\u0103 Politic\u0103 cookie-uri a fost actualizat\u0103 ultima dat\u0103 pe 25 octombrie 2022 \u0219i se aplic\u0103 cet\u0103\u021benilor \u0219i reziden\u021bilor permanen\u021bi din Spa\u021biul Economic European \u0219i Elve\u021bia.<\/p>\n<p>1. Introducere<br \/>Site-ul nostru, https:\/\/gagea.eu (numit \u00een continuare \u201esite-ul\u201d), folose\u0219te cookie-uri \u0219i alte tehnologii similare (pentru comoditate, toate tehnologiile sunt numite \u00een continuare \u201ecookie-uri\u201d). Cookie-urile sunt plasate \u0219i de ter\u021bii cu care colabor\u0103m. \u00cen documentul de mai jos te inform\u0103m despre modul cum folosim cookie-uri pe site-ul nostru.<\/p>\n<p>2. Ce sunt cookie-urile?<br \/>Un cookie este un fi\u0219ier simplu, de mici dimensiuni, care este trimis \u00eempreun\u0103 cu paginile acestui site web \u0219i stocat de navigatorul t\u0103u pe hard diskul computerului sau al altui dispozitiv. Informa\u021biile stocate acolo pot fi trimise \u00eenapoi c\u0103tre serverele noastre sau serverele ter\u021bilor relevan\u021bi, \u00een timpul unei vizite ulterioare.<\/p>\n<p>3. Ce sunt scripturile?<br \/>Un script este un fragment de cod (de program), utilizat pentru ca site-ul nostru s\u0103 func\u021bioneze corect \u0219i interactiv. Acest cod este executat pe serverul nostru sau pe dispozitivul t\u0103u.<\/p>\n<p>4. Ce este un web beacon?<br \/>Un \u201eweb beacon\u201d (sau un \u201epixel tag\u201d, adic\u0103 o etichet\u0103-pixel) este un mic fragment invizibil de text, sau o imagine, care este plasat\u0103 pe un site web pentru a monitoriza traficul. Pentru realizarea monitoriz\u0103rii traficului, web beacons pot stoca diverse date despre tine.<\/p>\n<p>5. Cookie-uri<br \/>5.1 Cookie-uri tehnice sau func\u021bionale<\/p>\n<p>Unele cookie-uri se asigur\u0103 c\u0103 anumite p\u0103r\u021bi ale site-ului func\u021bioneaz\u0103 corect \u0219i c\u0103 preferin\u021bele tale de utilizator r\u0103m\u00e2n cunoscute. Prin plasarea cookie-urilor func\u021bionale, \u00ee\u021bi este mai u\u0219or s\u0103 vizitezi site-ul nostru. \u00cen acest fel, nu trebuie s\u0103 introduci \u00een mod repetat acelea\u0219i informa\u021bii atunci c\u00e2nd vizitezi site-ul nostru \u0219i, de exemplu, articolele r\u0103m\u00e2n \u00een co\u0219ul de cump\u0103r\u0103turi p\u00e2n\u0103 c\u00e2nd pl\u0103te\u0219ti. Putem plasa aceste cookie-uri f\u0103r\u0103 consim\u021b\u0103m\u00e2ntul t\u0103u.<\/p>\n<p>5.2 Cookie-uri statistice<\/p>\n<p>Folosim cookie-uri statistice pentru a optimiza experien\u021ba de utilizare a site-ului pentru utilizatorii no\u0219tri. Cu aceste cookie-uri statistice ob\u021binem informa\u021bii despre utilizarea site-ului nostru. \u00ce\u021bi cerem permisiunea de a plasa cookie-uri statistice.<\/p>\n<p>5.3 Cookie-uri pentru marketing\/urm\u0103rire<\/p>\n<p>Cookie-urile de marketing\/urm\u0103rire sunt cookie-uri (sau orice alt\u0103 form\u0103 de stocare local\u0103), utilizate \u00een crearea profilurilor de utilizator, pentru a afi\u0219a publicitate sau pentru a urm\u0103ri utilizatorul pe acest site ori pe mai multe site-uri, \u00een scopuri de marketing similare.<\/p>\n<p>6. Cookie-uri plasate<br \/>Wordfence<br \/>Functional<\/p>\n<p>Google reCAPTCHA<br \/>Marketing\/Tracking<\/p>\n<p>7. Consim\u021b\u0103m\u00e2nt<br \/>C\u00e2nd vizitezi prima dat\u0103 site-ul nostru, \u00ee\u021bi vom ar\u0103ta un popup cu explica\u021bii despre cookie-uri. Dup\u0103 ce dai clic pe \u201eAccept\u0103\u201d, ne-ai dat consim\u021b\u0103m\u00e2ntul s\u0103 folosim toate cookie-urile \u0219i modulele care au fost descrise \u00een popup \u0219i \u00een aceast\u0103 Politic\u0103 privind cookie-urile. Po\u021bi dezactiva folosirea cookie-urilor \u00een navigatorul t\u0103u, dar te rog re\u021bine c\u0103 site-ul nostru s-ar putea s\u0103 nu mai func\u021bioneze a\u0219a cum trebuie.<\/p>\n<p>7.1 Administreaz\u0103 set\u0103rile pentru consim\u021b\u0103m\u00e2nt<\/p>\n<p>Ai \u00eenc\u0103rcat Politic\u0103 cookie-uri f\u0103r\u0103 suport javascript. \u00cen AMP, po\u021bi utiliza butonul de gestionare a consim\u021b\u0103m\u00e2ntului din partea de jos a paginii.<br \/>8. Activarea\/dezactivarea \u0219i \u0219tergerea cookie-urilor<br \/>You can use your internet browser to automatically or manually delete cookies. You can also specify that certain cookies may not be placed. Another option is to change the settings of your internet browser so that you receive a message each time a cookie is placed. For more information about these options, please refer to the instructions in the Help section of your browser.<\/p>\n<p>Te rog s\u0103 re\u021bii c\u0103 site-ul nostru nu poate func\u021biona corect c\u00e2nd toate cookie-urile sunt dezactivate. Dac\u0103 \u0219tergi cookie-urile din navigatorul t\u0103u, acestea vor fi plasate din nou dup\u0103 consim\u021b\u0103m\u00e2ntul t\u0103u, atunci c\u00e2nd vizitezi din nou site-ul nostru.<\/p>\n<p>9. Drepturile tale asupra datelor cu caracter personal<br \/>Ai urm\u0103toarele drepturi asupra datelor cu caracter personal:<\/p>\n<p>Ai dreptul s\u0103 \u0219tii de ce sunt necesare datele tale cu caracter personal, ce vom face cu ele \u0219i c\u00e2t timp vor fi p\u0103strate.<br \/>Dreptul de acces: ai dreptul de a-\u021bi accesa datele cu caracter personal pe care le-am colectat.<br \/>Dreptul la rectificare: ai dreptul de a completa, corecta, \u0219terge sau bloca datele tale cu caracter personal oric\u00e2nd vrei.<br \/>Dac\u0103 ne dai consim\u021b\u0103m\u00e2ntul s\u0103-\u021bi prelucr\u0103m datele, ai dreptul de a revoca consim\u021b\u0103m\u00e2ntul \u0219i s\u0103 ceri \u0219tergerea tuturor datele cu caracter personal.<br \/>Dreptul de a-\u021bi transfera datele: ai dreptul s\u0103 ceri toate datele tale cu caracter personal de la operator \u0219i s\u0103 le transferi \u00een \u00eentregime la un alt operator.<br \/>Dreptul de a obiecta: te po\u021bi opune prelucr\u0103rii datelor tale. Respect\u0103m acest lucru, cu excep\u021bia cazului \u00een care exist\u0103 motive justificate pentru prelucrare.<br \/>To exercise these rights, please contact us. Please refer to the contact details at the bottom of this Cookie Policy. If you have a complaint about how we handle your data, we would like to hear from you, but you also have the right to submit a complaint to the supervisory authority (the Data Protection Authority).<\/p>\n<p>10. Date de contact<br \/>Pentru \u00eentreb\u0103ri \u0219i\/sau comentarii \u00een leg\u0103tur\u0103 cu Politica noastr\u0103 privind cookie-urile \u0219i aceast\u0103 declara\u021bie, te rog contacteaz\u0103-ne folosind urm\u0103toarele informa\u021bii de contact:<\/p>\n<p>SC GAGEA SRL<br \/>Jamu Mare, nr.567, Timis, Romania 307230<br \/>Rom\u00e2nia<br \/>Site web: https:\/\/gagea.eu<br \/>Email: or.oohay@eciffo.aegag<br \/>Num\u0103r de telefon: 0745 338 956<\/p>\n<p>Politic\u0103 cookie-uri a fost sincronizat\u0103 cu cookiedatabase.org pe 25 octombrie 2022<\/p>","protected":false},"excerpt":{"rendered":"<p>Politic\u0103 cookie-uri (UE) Aceast\u0103 Politic\u0103 cookie-uri a fost actualizat\u0103 ultima dat\u0103 pe 25 octombrie 2022 \u0219i se aplic\u0103 cet\u0103\u021benilor \u0219i reziden\u021bilor permanen\u021bi din Spa\u021biul Economic European \u0219i Elve\u021bia. 1. IntroducereSite-ul nostru, https:\/\/gagea.eu (numit \u00een continuare \u201esite-ul\u201d), folose\u0219te cookie-uri \u0219i alte tehnologii similare (pentru comoditate, toate tehnologiile sunt numite \u00een continuare \u201ecookie-uri\u201d). Cookie-urile sunt plasate \u0219i [&hellip;]<\/p>\n","protected":false},"author":1,"featured_media":0,"parent":0,"menu_order":0,"comment_status":"closed","ping_status":"closed","template":"","meta":{"_monsterinsights_skip_tracking":false,"_monsterinsights_sitenote_active":false,"_monsterinsights_sitenote_note":"","_monsterinsights_sitenote_category":0,"site-sidebar-layout":"no-sidebar","site-content-layout":"page-builder","ast-site-content-layout":"default","site-content-style":"default","site-sidebar-style":"default","ast-global-header-display":"","ast-banner-title-visibility":"","ast-main-header-display":"","ast-hfb-above-header-display":"","ast-hfb-below-header-display":"","ast-hfb-mobile-header-display":"","site-post-title":"disabled","ast-breadcrumbs-content":"","ast-featured-img":"disabled","footer-sml-layout":"","ast-disable-related-posts":"","theme-transparent-header-meta":"","adv-header-id-meta":"","stick-header-meta":"","header-above-stick-meta":"","header-main-stick-meta":"","header-below-stick-meta":"","astra-migrate-meta-layouts":"default","ast-page-background-enabled":"default","ast-page-background-meta":{"desktop":{"background-color":"var(--ast-global-color-4)","background-image":"","background-repeat":"repeat","background-position":"center center","background-size":"auto","background-attachment":"scroll","background-type":"","background-media":"","overlay-type":"","overlay-color":"","overlay-opacity":"","overlay-gradient":""},"tablet":{"background-color":"","background-image":"","background-repeat":"repeat","background-position":"center center","background-size":"auto","background-attachment":"scroll","background-type":"","background-media":"","overlay-type":"","overlay-color":"","overlay-opacity":"","overlay-gradient":""},"mobile":{"background-color":"","background-image":"","background-repeat":"repeat","background-position":"center center","background-size":"auto","background-attachment":"scroll","background-type":"","background-media":"","overlay-type":"","overlay-color":"","overlay-opacity":"","overlay-gradient":""}},"ast-content-background-meta":{"desktop":{"background-color":"var(--ast-global-color-5)","background-image":"","background-repeat":"repeat","background-position":"center center","background-size":"auto","background-attachment":"scroll","background-type":"","background-media":"","overlay-type":"","overlay-color":"","overlay-opacity":"","overlay-gradient":""},"tablet":{"background-color":"var(--ast-global-color-5)","background-image":"","background-repeat":"repeat","background-position":"center center","background-size":"auto","background-attachment":"scroll","background-type":"","background-media":"","overlay-type":"","overlay-color":"","overlay-opacity":"","overlay-gradient":""},"mobile":{"background-color":"var(--ast-global-color-5)","background-image":"","background-repeat":"repeat","background-position":"center center","background-size":"auto","background-attachment":"scroll","background-type":"","background-media":"","overlay-type":"","overlay-color":"","overlay-opacity":"","overlay-gradient":""}}},"aioseo_notices":[],"_links":{"self":[{"href":"https:\/\/gagea.eu\/en\/wp-json\/wp\/v2\/pages\/270"}],"collection":[{"href":"https:\/\/gagea.eu\/en\/wp-json\/wp\/v2\/pages"}],"about":[{"href":"https:\/\/gagea.eu\/en\/wp-json\/wp\/v2\/types\/page"}],"author":[{"embeddable":true,"href":"https:\/\/gagea.eu\/en\/wp-json\/wp\/v2\/users\/1"}],"replies":[{"embeddable":true,"href":"https:\/\/gagea.eu\/en\/wp-json\/wp\/v2\/comments?post=270"}],"version-history":[{"count":9,"href":"https:\/\/gagea.eu\/en\/wp-json\/wp\/v2\/pages\/270\/revisions"}],"predecessor-version":[{"id":563,"href":"https:\/\/gagea.eu\/en\/wp-json\/wp\/v2\/pages\/270\/revisions\/563"}],"wp:attachment":[{"href":"https:\/\/gagea.eu\/en\/wp-json\/wp\/v2\/media?parent=270"}],"curies":[{"name":"wp","href":"https:\/\/api.w.org\/{rel}","templated":true}]}}