{"id":28,"date":"2015-06-16T23:01:56","date_gmt":"2015-06-16T23:01:56","guid":{"rendered":"http:\/\/gagea.eu\/?page_id=28"},"modified":"2022-10-31T20:04:18","modified_gmt":"2022-10-31T18:04:18","slug":"despre-noi","status":"publish","type":"page","link":"https:\/\/gagea.eu\/en\/despre-noi\/","title":{"rendered":"About Us"},"content":{"rendered":"<h1>Despre Noi<\/h1>\n<p>Ceea ce astazi se numeste SC GAGEA SRL a inceput cu decenii in urma in zona Sibiului, acolo unde pastoritul se transmitea cu intelepciune si iscusinta din tata in fiu, ramanand pana in ziua de azi o indeletnicire a familiei noastre, pe care dorim sa o impartasim cu devotament generatiilor viitoare.<\/p>\n<p>In anul 2008, combinand traditia cu tehnica moderna, am fondat aceasta afacere de familie, care ne poarta numele. Ferma este amplasata\u00a0 \u00eentre localit\u0103\u0163iile Jamu Mare-Clopodia, la o distan\u0163\u0103 de aproximativ 75 km de Timisoara.<\/p>\n<p>Firma S.C. GAGEA S.R.L. are ca obiect principal de activitate cre\u015fterea animalelor, respectiv ovine si bovine, dar si abatorizarea acestora la cererea clientului.<\/p>\n<p>Obiectul secundar de activitate il reprezinta prestarea de servicii de transport rutier interna\u0163ional de m\u0103rfuri.<\/p>\n<h4>Misiune<\/h4>\n<ul>\n<li>satisfacerea promta a nevoilor clientilor, oferind seriozitate si garantand calitatea produselor si a serviciilor noastre.<\/li>\n<\/ul>\n<h4>Obiective<\/h4>\n<ul>\n<li>imbunatatirea continua a relatiilor cu clientii, pe baza feedback-ului primit din partea acestora si a sugestiilor lor, mereu binevenite.<\/li>\n<\/ul>\n<style>\/*! elementor - v3.7.8 - 02-10-2022 *\/<br \/>\n.elementor-image-gallery .gallery-item{display:inline-block;text-align:center;vertical-align:top;width:100%;max-width:100%;margin:0 auto}.elementor-image-gallery .gallery-item img{margin:0 auto}.elementor-image-gallery .gallery-item .gallery-caption{margin:0}.elementor-image-gallery figure img{display:block}.elementor-image-gallery figure figcaption{width:100%}.gallery-spacing-custom .elementor-image-gallery .gallery-icon{padding:0}@media (min-width:768px){.elementor-image-gallery .gallery-columns-2 .gallery-item{max-width:50%}.elementor-image-gallery .gallery-columns-3 .gallery-item{max-width:33.33%}.elementor-image-gallery .gallery-columns-4 .gallery-item{max-width:25%}.elementor-image-gallery .gallery-columns-5 .gallery-item{max-width:20%}.elementor-image-gallery .gallery-columns-6 .gallery-item{max-width:16.666%}.elementor-image-gallery .gallery-columns-7 .gallery-item{max-width:14.28%}.elementor-image-gallery .gallery-columns-8 .gallery-item{max-width:12.5%}.elementor-image-gallery .gallery-columns-9 .gallery-item{max-width:11.11%}.elementor-image-gallery .gallery-columns-10 .gallery-item{max-width:10%}}@media (min-width:480px) and (max-width:767px){.elementor-image-gallery .gallery.gallery-columns-2 .gallery-item,.elementor-image-gallery .gallery.gallery-columns-3 .gallery-item,.elementor-image-gallery .gallery.gallery-columns-4 .gallery-item,.elementor-image-gallery .gallery.gallery-columns-5 .gallery-item,.elementor-image-gallery .gallery.gallery-columns-6 .gallery-item,.elementor-image-gallery .gallery.gallery-columns-7 .gallery-item,.elementor-image-gallery .gallery.gallery-columns-8 .gallery-item,.elementor-image-gallery .gallery.gallery-columns-9 .gallery-item,.elementor-image-gallery .gallery.gallery-columns-10 .gallery-item{max-width:50%}}@media (max-width:479px){.elementor-image-gallery .gallery.gallery-columns-2 .gallery-item,.elementor-image-gallery .gallery.gallery-columns-3 .gallery-item,.elementor-image-gallery .gallery.gallery-columns-4 .gallery-item,.elementor-image-gallery .gallery.gallery-columns-5 .gallery-item,.elementor-image-gallery .gallery.gallery-columns-6 .gallery-item,.elementor-image-gallery .gallery.gallery-columns-7 .gallery-item,.elementor-image-gallery .gallery.gallery-columns-8 .gallery-item,.elementor-image-gallery .gallery.gallery-columns-9 .gallery-item,.elementor-image-gallery .gallery.gallery-columns-10 .gallery-item{max-width:100%}}<\/style>\n<figure class=\"gallery-item\"><a href=\"https:\/\/gagea.eu\/wp-content\/uploads\/2015\/06\/13878983892291.jpg\" data-elementor-open-lightbox=\"yes\" data-elementor-lightbox-slideshow=\"13f533c\" data-elementor-lightbox-title=\"1387898389229\"><img decoding=\"async\" loading=\"lazy\" src=\"https:\/\/gagea.eu\/wp-content\/uploads\/2015\/06\/13878983892291-165x165.jpg\" alt=\"\" width=\"165\" height=\"165\" \/><\/a><\/figure>\n<figure class=\"gallery-item\"><a href=\"https:\/\/gagea.eu\/wp-content\/uploads\/2015\/06\/bovine1.jpg\" data-elementor-open-lightbox=\"yes\" data-elementor-lightbox-slideshow=\"13f533c\" data-elementor-lightbox-title=\"bovine\"><img decoding=\"async\" loading=\"lazy\" src=\"https:\/\/gagea.eu\/wp-content\/uploads\/2015\/06\/bovine1-165x165.jpg\" alt=\"\" width=\"165\" height=\"165\" \/><\/a><\/figure>\n<figure class=\"gallery-item\"><a href=\"https:\/\/gagea.eu\/wp-content\/uploads\/2015\/06\/IMG-20150610-WA0025.jpg\" data-elementor-open-lightbox=\"yes\" data-elementor-lightbox-slideshow=\"13f533c\" data-elementor-lightbox-title=\"IMG-20150610-WA0025\"><img decoding=\"async\" loading=\"lazy\" src=\"https:\/\/gagea.eu\/wp-content\/uploads\/2015\/06\/IMG-20150610-WA0025-165x165.jpg\" alt=\"\" width=\"165\" height=\"165\" \/><\/a><\/figure>\n<figure class=\"gallery-item\"><a href=\"https:\/\/gagea.eu\/wp-content\/uploads\/2015\/06\/ferme-de-oi-germania-4416465581.jpg\" data-elementor-open-lightbox=\"yes\" data-elementor-lightbox-slideshow=\"13f533c\" data-elementor-lightbox-title=\"ferme-de-oi-germania-441646558\"><img decoding=\"async\" loading=\"lazy\" src=\"https:\/\/gagea.eu\/wp-content\/uploads\/2015\/06\/ferme-de-oi-germania-4416465581-165x165.jpg\" alt=\"\" width=\"165\" height=\"165\" \/><\/a><\/figure>\n<figure class=\"gallery-item\"><a href=\"https:\/\/gagea.eu\/wp-content\/uploads\/2015\/06\/vaca-vaci-in-grajs1.jpg\" data-elementor-open-lightbox=\"yes\" data-elementor-lightbox-slideshow=\"13f533c\" data-elementor-lightbox-title=\"vaca-vaci-in-grajs\"><img decoding=\"async\" loading=\"lazy\" src=\"https:\/\/gagea.eu\/wp-content\/uploads\/2015\/06\/vaca-vaci-in-grajs1-165x165.jpg\" alt=\"\" width=\"165\" height=\"165\" \/><\/a><\/figure>\n<figure class=\"gallery-item\"><a href=\"https:\/\/gagea.eu\/wp-content\/uploads\/2015\/06\/sheep-feed-250x250.jpg\" data-elementor-open-lightbox=\"yes\" data-elementor-lightbox-slideshow=\"13f533c\" data-elementor-lightbox-title=\"sheep-feed-250x250\"><img decoding=\"async\" loading=\"lazy\" src=\"https:\/\/gagea.eu\/wp-content\/uploads\/2015\/06\/sheep-feed-250x250-165x165.jpg\" sizes=\"(max-width: 165px) 100vw, 165px\" srcset=\"https:\/\/gagea.eu\/wp-content\/uploads\/2015\/06\/sheep-feed-250x250-165x165.jpg 165w, https:\/\/gagea.eu\/wp-content\/uploads\/2015\/06\/sheep-feed-250x250.jpg 250w\" alt=\"\" width=\"165\" height=\"165\" \/><\/a><\/figure>\n<figure class=\"gallery-item\"><a href=\"https:\/\/gagea.eu\/wp-content\/uploads\/2015\/06\/IMG-20150610-WA00161.jpg\" data-elementor-open-lightbox=\"yes\" data-elementor-lightbox-slideshow=\"13f533c\" data-elementor-lightbox-title=\"IMG-20150610-WA00161\"><img decoding=\"async\" loading=\"lazy\" src=\"https:\/\/gagea.eu\/wp-content\/uploads\/2015\/06\/IMG-20150610-WA00161-165x165.jpg\" alt=\"\" width=\"165\" height=\"165\" \/><\/a><\/figure>\n<figure class=\"gallery-item\"><a href=\"https:\/\/gagea.eu\/wp-content\/uploads\/2015\/06\/IMG-20150610-WA0006.jpg\" data-elementor-open-lightbox=\"yes\" data-elementor-lightbox-slideshow=\"13f533c\" data-elementor-lightbox-title=\"IMG-20150610-WA0006\"><img decoding=\"async\" loading=\"lazy\" src=\"https:\/\/gagea.eu\/wp-content\/uploads\/2015\/06\/IMG-20150610-WA0006-165x165.jpg\" alt=\"\" width=\"165\" height=\"165\" \/><\/a><\/figure>\n<figure class=\"gallery-item\"><a href=\"https:\/\/gagea.eu\/wp-content\/uploads\/2015\/06\/IMG-20150610-WA0010.jpg\" data-elementor-open-lightbox=\"yes\" data-elementor-lightbox-slideshow=\"13f533c\" data-elementor-lightbox-title=\"IMG-20150610-WA0010\"><img decoding=\"async\" loading=\"lazy\" src=\"https:\/\/gagea.eu\/wp-content\/uploads\/2015\/06\/IMG-20150610-WA0010-165x165.jpg\" alt=\"\" width=\"165\" height=\"165\" \/><\/a><\/figure>\n<figure class=\"gallery-item\"><a href=\"https:\/\/gagea.eu\/wp-content\/uploads\/2015\/06\/IMG-20150610-WA0011.jpg\" data-elementor-open-lightbox=\"yes\" data-elementor-lightbox-slideshow=\"13f533c\" data-elementor-lightbox-title=\"IMG-20150610-WA0011\"><img decoding=\"async\" loading=\"lazy\" src=\"https:\/\/gagea.eu\/wp-content\/uploads\/2015\/06\/IMG-20150610-WA0011-165x165.jpg\" alt=\"\" width=\"165\" height=\"165\" \/><\/a><\/figure>\n<figure class=\"gallery-item\"><a href=\"https:\/\/gagea.eu\/wp-content\/uploads\/2015\/06\/IMG-20150610-WA0012.jpg\" data-elementor-open-lightbox=\"yes\" data-elementor-lightbox-slideshow=\"13f533c\" data-elementor-lightbox-title=\"IMG-20150610-WA0012\"><img decoding=\"async\" loading=\"lazy\" src=\"https:\/\/gagea.eu\/wp-content\/uploads\/2015\/06\/IMG-20150610-WA0012-165x165.jpg\" alt=\"\" width=\"165\" height=\"165\" \/><\/a><\/figure>\n<figure class=\"gallery-item\"><a href=\"https:\/\/gagea.eu\/wp-content\/uploads\/2015\/06\/IMG-20150610-WA0013.jpg\" data-elementor-open-lightbox=\"yes\" data-elementor-lightbox-slideshow=\"13f533c\" data-elementor-lightbox-title=\"IMG-20150610-WA0013\"><img decoding=\"async\" loading=\"lazy\" src=\"https:\/\/gagea.eu\/wp-content\/uploads\/2015\/06\/IMG-20150610-WA0013-165x165.jpg\" alt=\"\" width=\"165\" height=\"165\" \/><\/a><\/figure>\n<figure class=\"gallery-item\"><a href=\"https:\/\/gagea.eu\/wp-content\/uploads\/2015\/06\/IMG-20150610-WA0015.jpg\" data-elementor-open-lightbox=\"yes\" data-elementor-lightbox-slideshow=\"13f533c\" data-elementor-lightbox-title=\"IMG-20150610-WA0015\"><img decoding=\"async\" loading=\"lazy\" src=\"https:\/\/gagea.eu\/wp-content\/uploads\/2015\/06\/IMG-20150610-WA0015-165x165.jpg\" alt=\"\" width=\"165\" height=\"165\" \/><\/a><\/figure>\n<figure class=\"gallery-item\"><a href=\"https:\/\/gagea.eu\/wp-content\/uploads\/2015\/06\/IMG-20150610-WA0017.jpg\" data-elementor-open-lightbox=\"yes\" data-elementor-lightbox-slideshow=\"13f533c\" data-elementor-lightbox-title=\"IMG-20150610-WA0017\"><img decoding=\"async\" loading=\"lazy\" src=\"https:\/\/gagea.eu\/wp-content\/uploads\/2015\/06\/IMG-20150610-WA0017-165x165.jpg\" alt=\"\" width=\"165\" height=\"165\" \/><\/a><\/figure>\n<figure class=\"gallery-item\"><a href=\"https:\/\/gagea.eu\/wp-content\/uploads\/2015\/06\/IMG-20150610-WA0022.jpg\" data-elementor-open-lightbox=\"yes\" data-elementor-lightbox-slideshow=\"13f533c\" data-elementor-lightbox-title=\"IMG-20150610-WA0022\"><img decoding=\"async\" loading=\"lazy\" src=\"https:\/\/gagea.eu\/wp-content\/uploads\/2015\/06\/IMG-20150610-WA0022-165x165.jpg\" alt=\"\" width=\"165\" height=\"165\" \/><\/a><\/figure>\n<figure class=\"gallery-item\"><a href=\"https:\/\/gagea.eu\/wp-content\/uploads\/2015\/06\/IMG-20150610-WA0004.jpg\" data-elementor-open-lightbox=\"yes\" data-elementor-lightbox-slideshow=\"13f533c\" data-elementor-lightbox-title=\"IMG-20150610-WA0004\"><img decoding=\"async\" loading=\"lazy\" src=\"https:\/\/gagea.eu\/wp-content\/uploads\/2015\/06\/IMG-20150610-WA0004-165x165.jpg\" alt=\"\" width=\"165\" height=\"165\" \/><\/a><\/figure>\n<figure class=\"gallery-item\"><a href=\"https:\/\/gagea.eu\/wp-content\/uploads\/2015\/06\/IMG-20150610-WA0026.jpg\" data-elementor-open-lightbox=\"yes\" data-elementor-lightbox-slideshow=\"13f533c\" data-elementor-lightbox-title=\"IMG-20150610-WA0026\"><img decoding=\"async\" loading=\"lazy\" src=\"https:\/\/gagea.eu\/wp-content\/uploads\/2015\/06\/IMG-20150610-WA0026-165x165.jpg\" alt=\"\" width=\"165\" height=\"165\" \/><\/a><\/figure>\n<figure class=\"gallery-item\"><a href=\"https:\/\/gagea.eu\/wp-content\/uploads\/2015\/06\/IMG-20150610-WA0029.jpg\" data-elementor-open-lightbox=\"yes\" data-elementor-lightbox-slideshow=\"13f533c\" data-elementor-lightbox-title=\"IMG-20150610-WA0029\"><img decoding=\"async\" loading=\"lazy\" src=\"https:\/\/gagea.eu\/wp-content\/uploads\/2015\/06\/IMG-20150610-WA0029-165x165.jpg\" alt=\"\" width=\"165\" height=\"165\" \/><\/a><\/figure>\n<p><a href=\"https:\/\/gagea.eu\/2015\/06\/gagea-farm-is-online-now\/\" target=\"_blank\" rel=\"noopener\"><br \/>\n<img decoding=\"async\" loading=\"lazy\" src=\"https:\/\/gagea.eu\/wp-content\/uploads\/2015\/06\/online.png\" alt=\"\" width=\"640\" height=\"315\" \/> <\/a><\/p>\n<h2><a href=\"https:\/\/gagea.eu\/2015\/06\/gagea-farm-is-online-now\/\" target=\"_blank\" rel=\"noopener\"><br \/>\nGagea Farm is online now! <\/a><\/h2>\n<p>Starting with Juni 2015, Gagea Farm has a new fresh \u2026<\/p>\n<style>\/*! elementor - v3.7.8 - 02-10-2022 *\/<br \/>\n.elementor-heading-title{padding:0;margin:0;line-height:1}.elementor-widget-heading .elementor-heading-title[class*=elementor-size-]>a{color:inherit;font-size:inherit;line-height:inherit}.elementor-widget-heading .elementor-heading-title.elementor-size-small{font-size:15px}.elementor-widget-heading .elementor-heading-title.elementor-size-medium{font-size:19px}.elementor-widget-heading .elementor-heading-title.elementor-size-large{font-size:29px}.elementor-widget-heading .elementor-heading-title.elementor-size-xl{font-size:39px}.elementor-widget-heading .elementor-heading-title.elementor-size-xxl{font-size:59px}<\/style>\n<h3>Partener<\/h3>\n<style>\/*! elementor - v3.7.8 - 02-10-2022 *\/<br \/>\n.elementor-widget-image{text-align:center}.elementor-widget-image a{display:inline-block}.elementor-widget-image a img[src$=\".svg\"]{width:48px}.elementor-widget-image img{vertical-align:middle;display:inline-block}<\/style>\n<p><img decoding=\"async\" loading=\"lazy\" src=\"https:\/\/gagea.eu\/wp-content\/uploads\/2015\/06\/LOGO-LIMITED-JPG-189-KB.jpeg\" alt=\"Tomatisfood meat agency\" width=\"230\" height=\"48\" \/><\/p>\n","protected":false},"excerpt":{"rendered":"<p>Despre Noi Ceea ce astazi se numeste SC GAGEA SRL a inceput cu decenii in urma in zona Sibiului, acolo unde pastoritul se transmitea cu intelepciune si iscusinta din tata in fiu, ramanand pana in ziua de azi o indeletnicire a familiei noastre, pe care dorim sa o impartasim cu devotament generatiilor viitoare. In anul [&hellip;]<\/p>\n","protected":false},"author":1,"featured_media":0,"parent":0,"menu_order":0,"comment_status":"closed","ping_status":"open","template":"","meta":{"_monsterinsights_skip_tracking":false,"_monsterinsights_sitenote_active":false,"_monsterinsights_sitenote_note":"","_monsterinsights_sitenote_category":0,"site-sidebar-layout":"no-sidebar","site-content-layout":"page-builder","ast-site-content-layout":"default","site-content-style":"default","site-sidebar-style":"default","ast-global-header-display":"","ast-banner-title-visibility":"","ast-main-header-display":"","ast-hfb-above-header-display":"","ast-hfb-below-header-display":"","ast-hfb-mobile-header-display":"","site-post-title":"disabled","ast-breadcrumbs-content":"","ast-featured-img":"disabled","footer-sml-layout":"","ast-disable-related-posts":"","theme-transparent-header-meta":"","adv-header-id-meta":"","stick-header-meta":"","header-above-stick-meta":"","header-main-stick-meta":"","header-below-stick-meta":"","astra-migrate-meta-layouts":"default","ast-page-background-enabled":"default","ast-page-background-meta":{"desktop":{"background-color":"var(--ast-global-color-4)","background-image":"","background-repeat":"repeat","background-position":"center center","background-size":"auto","background-attachment":"scroll","background-type":"","background-media":"","overlay-type":"","overlay-color":"","overlay-opacity":"","overlay-gradient":""},"tablet":{"background-color":"","background-image":"","background-repeat":"repeat","background-position":"center center","background-size":"auto","background-attachment":"scroll","background-type":"","background-media":"","overlay-type":"","overlay-color":"","overlay-opacity":"","overlay-gradient":""},"mobile":{"background-color":"","background-image":"","background-repeat":"repeat","background-position":"center center","background-size":"auto","background-attachment":"scroll","background-type":"","background-media":"","overlay-type":"","overlay-color":"","overlay-opacity":"","overlay-gradient":""}},"ast-content-background-meta":{"desktop":{"background-color":"var(--ast-global-color-5)","background-image":"","background-repeat":"repeat","background-position":"center center","background-size":"auto","background-attachment":"scroll","background-type":"","background-media":"","overlay-type":"","overlay-color":"","overlay-opacity":"","overlay-gradient":""},"tablet":{"background-color":"var(--ast-global-color-5)","background-image":"","background-repeat":"repeat","background-position":"center center","background-size":"auto","background-attachment":"scroll","background-type":"","background-media":"","overlay-type":"","overlay-color":"","overlay-opacity":"","overlay-gradient":""},"mobile":{"background-color":"var(--ast-global-color-5)","background-image":"","background-repeat":"repeat","background-position":"center center","background-size":"auto","background-attachment":"scroll","background-type":"","background-media":"","overlay-type":"","overlay-color":"","overlay-opacity":"","overlay-gradient":""}}},"aioseo_notices":[],"_links":{"self":[{"href":"https:\/\/gagea.eu\/en\/wp-json\/wp\/v2\/pages\/28"}],"collection":[{"href":"https:\/\/gagea.eu\/en\/wp-json\/wp\/v2\/pages"}],"about":[{"href":"https:\/\/gagea.eu\/en\/wp-json\/wp\/v2\/types\/page"}],"author":[{"embeddable":true,"href":"https:\/\/gagea.eu\/en\/wp-json\/wp\/v2\/users\/1"}],"replies":[{"embeddable":true,"href":"https:\/\/gagea.eu\/en\/wp-json\/wp\/v2\/comments?post=28"}],"version-history":[{"count":17,"href":"https:\/\/gagea.eu\/en\/wp-json\/wp\/v2\/pages\/28\/revisions"}],"predecessor-version":[{"id":711,"href":"https:\/\/gagea.eu\/en\/wp-json\/wp\/v2\/pages\/28\/revisions\/711"}],"wp:attachment":[{"href":"https:\/\/gagea.eu\/en\/wp-json\/wp\/v2\/media?parent=28"}],"curies":[{"name":"wp","href":"https:\/\/api.w.org\/{rel}","templated":true}]}}