{"id":74,"date":"2015-06-17T13:43:37","date_gmt":"2015-06-17T10:43:37","guid":{"rendered":"http:\/\/gagea.eu\/?page_id=74"},"modified":"2022-10-31T20:16:23","modified_gmt":"2022-10-31T18:16:23","slug":"transport-animale-vii","status":"publish","type":"page","link":"https:\/\/gagea.eu\/en\/transport-animale-vii\/","title":{"rendered":"Live animal transport"},"content":{"rendered":"<h1>Transport animale vii<\/h1>\n<p>Pe langa animalele destinate exportului, societatea vine in ajutorul clientului cu\u00a0 mijloace performante pentru transportul animalelor\u00a0atat intern , cat si international.<\/p>\n<p>Pentru aceasta compania noastra dispune de vehicule de diferite capacitati (sub 3,5 tone si peste 3,5 tone) si de personal calificat si certificat.<\/p>\n<p>Firma are ca scop furnizarea serviciilor de calitate, oferind un raport optim de calitate\/pre\u0163 al serviciilor prestate in conditii de siguranta ce respect\u0103 bun\u0103starea animalelor \u015fi igiena corespunz\u0103toare si in concordanta cu legislatia internationala in vigoare.<\/p>\n<p>Compania GAGEA\u00a0va ofera servicii impecabile de transport animale vii in cel mai profesional mod. Serviciile oferite clientilor nostri si calitatea acestora reprezinta cartea noastra de vizita!<\/p>\n<style>\/*! elementor - v3.7.8 - 02-10-2022 *\/<br \/>\n.elementor-image-gallery .gallery-item{display:inline-block;text-align:center;vertical-align:top;width:100%;max-width:100%;margin:0 auto}.elementor-image-gallery .gallery-item img{margin:0 auto}.elementor-image-gallery .gallery-item .gallery-caption{margin:0}.elementor-image-gallery figure img{display:block}.elementor-image-gallery figure figcaption{width:100%}.gallery-spacing-custom .elementor-image-gallery .gallery-icon{padding:0}@media (min-width:768px){.elementor-image-gallery .gallery-columns-2 .gallery-item{max-width:50%}.elementor-image-gallery .gallery-columns-3 .gallery-item{max-width:33.33%}.elementor-image-gallery .gallery-columns-4 .gallery-item{max-width:25%}.elementor-image-gallery .gallery-columns-5 .gallery-item{max-width:20%}.elementor-image-gallery .gallery-columns-6 .gallery-item{max-width:16.666%}.elementor-image-gallery .gallery-columns-7 .gallery-item{max-width:14.28%}.elementor-image-gallery .gallery-columns-8 .gallery-item{max-width:12.5%}.elementor-image-gallery .gallery-columns-9 .gallery-item{max-width:11.11%}.elementor-image-gallery .gallery-columns-10 .gallery-item{max-width:10%}}@media (min-width:480px) and (max-width:767px){.elementor-image-gallery .gallery.gallery-columns-2 .gallery-item,.elementor-image-gallery .gallery.gallery-columns-3 .gallery-item,.elementor-image-gallery .gallery.gallery-columns-4 .gallery-item,.elementor-image-gallery .gallery.gallery-columns-5 .gallery-item,.elementor-image-gallery .gallery.gallery-columns-6 .gallery-item,.elementor-image-gallery .gallery.gallery-columns-7 .gallery-item,.elementor-image-gallery .gallery.gallery-columns-8 .gallery-item,.elementor-image-gallery .gallery.gallery-columns-9 .gallery-item,.elementor-image-gallery .gallery.gallery-columns-10 .gallery-item{max-width:50%}}@media (max-width:479px){.elementor-image-gallery .gallery.gallery-columns-2 .gallery-item,.elementor-image-gallery .gallery.gallery-columns-3 .gallery-item,.elementor-image-gallery .gallery.gallery-columns-4 .gallery-item,.elementor-image-gallery .gallery.gallery-columns-5 .gallery-item,.elementor-image-gallery .gallery.gallery-columns-6 .gallery-item,.elementor-image-gallery .gallery.gallery-columns-7 .gallery-item,.elementor-image-gallery .gallery.gallery-columns-8 .gallery-item,.elementor-image-gallery .gallery.gallery-columns-9 .gallery-item,.elementor-image-gallery .gallery.gallery-columns-10 .gallery-item{max-width:100%}}<\/style>\n<figure class=\"gallery-item\"><a href=\"https:\/\/gagea.eu\/wp-content\/uploads\/2015\/06\/IMG-20150610-WA0029.jpg\" data-elementor-open-lightbox=\"yes\" data-elementor-lightbox-slideshow=\"62fc888\" data-elementor-lightbox-title=\"IMG-20150610-WA0029\"><img decoding=\"async\" loading=\"lazy\" src=\"https:\/\/gagea.eu\/wp-content\/uploads\/2015\/06\/IMG-20150610-WA0029-165x165.jpg\" alt=\"\" width=\"165\" height=\"165\" \/><\/a><\/figure>\n<figure class=\"gallery-item\"><a href=\"https:\/\/gagea.eu\/wp-content\/uploads\/2015\/06\/IMG-20150610-WA0026.jpg\" data-elementor-open-lightbox=\"yes\" data-elementor-lightbox-slideshow=\"62fc888\" data-elementor-lightbox-title=\"IMG-20150610-WA0026\"><img decoding=\"async\" loading=\"lazy\" src=\"https:\/\/gagea.eu\/wp-content\/uploads\/2015\/06\/IMG-20150610-WA0026-165x165.jpg\" alt=\"\" width=\"165\" height=\"165\" \/><\/a><\/figure>\n<figure class=\"gallery-item\"><a href=\"https:\/\/gagea.eu\/wp-content\/uploads\/2015\/06\/IMG-20150610-WA0013.jpg\" data-elementor-open-lightbox=\"yes\" data-elementor-lightbox-slideshow=\"62fc888\" data-elementor-lightbox-title=\"IMG-20150610-WA0013\"><img decoding=\"async\" loading=\"lazy\" src=\"https:\/\/gagea.eu\/wp-content\/uploads\/2015\/06\/IMG-20150610-WA0013-165x165.jpg\" alt=\"\" width=\"165\" height=\"165\" \/><\/a><\/figure>\n<p><a href=\"https:\/\/gagea.eu\/2015\/06\/gagea-farm-is-online-now\/\" target=\"_blank\" rel=\"noopener\"><br \/>\n<img decoding=\"async\" loading=\"lazy\" src=\"https:\/\/gagea.eu\/wp-content\/uploads\/2015\/06\/online.png\" alt=\"\" width=\"640\" height=\"315\" \/> <\/a><\/p>\n<h2><a href=\"https:\/\/gagea.eu\/2015\/06\/gagea-farm-is-online-now\/\" target=\"_blank\" rel=\"noopener\"><br \/>\nGagea Farm is online now! <\/a><\/h2>\n<p>Starting with Juni 2015, Gagea Farm has a new fresh \u2026<\/p>\n<style>\/*! elementor - v3.7.8 - 02-10-2022 *\/<br \/>\n.elementor-heading-title{padding:0;margin:0;line-height:1}.elementor-widget-heading .elementor-heading-title[class*=elementor-size-]>a{color:inherit;font-size:inherit;line-height:inherit}.elementor-widget-heading .elementor-heading-title.elementor-size-small{font-size:15px}.elementor-widget-heading .elementor-heading-title.elementor-size-medium{font-size:19px}.elementor-widget-heading .elementor-heading-title.elementor-size-large{font-size:29px}.elementor-widget-heading .elementor-heading-title.elementor-size-xl{font-size:39px}.elementor-widget-heading .elementor-heading-title.elementor-size-xxl{font-size:59px}<\/style>\n<h3>Partener<\/h3>\n<style>\/*! elementor - v3.7.8 - 02-10-2022 *\/<br \/>\n.elementor-widget-image{text-align:center}.elementor-widget-image a{display:inline-block}.elementor-widget-image a img[src$=\".svg\"]{width:48px}.elementor-widget-image img{vertical-align:middle;display:inline-block}<\/style>\n<p><img decoding=\"async\" loading=\"lazy\" src=\"https:\/\/gagea.eu\/wp-content\/uploads\/2015\/06\/LOGO-LIMITED-JPG-189-KB.jpeg\" alt=\"Tomatisfood meat agency\" width=\"230\" height=\"48\" \/><\/p>\n","protected":false},"excerpt":{"rendered":"<p>Transport animale vii Pe langa animalele destinate exportului, societatea vine in ajutorul clientului cu\u00a0 mijloace performante pentru transportul animalelor\u00a0atat intern , cat si international. Pentru aceasta compania noastra dispune de vehicule de diferite capacitati (sub 3,5 tone si peste 3,5 tone) si de personal calificat si certificat. Firma are ca scop furnizarea serviciilor de calitate, [&hellip;]<\/p>\n","protected":false},"author":1,"featured_media":0,"parent":0,"menu_order":0,"comment_status":"closed","ping_status":"open","template":"","meta":{"_monsterinsights_skip_tracking":false,"_monsterinsights_sitenote_active":false,"_monsterinsights_sitenote_note":"","_monsterinsights_sitenote_category":0,"site-sidebar-layout":"no-sidebar","site-content-layout":"page-builder","ast-site-content-layout":"default","site-content-style":"default","site-sidebar-style":"default","ast-global-header-display":"","ast-banner-title-visibility":"","ast-main-header-display":"","ast-hfb-above-header-display":"","ast-hfb-below-header-display":"","ast-hfb-mobile-header-display":"","site-post-title":"disabled","ast-breadcrumbs-content":"","ast-featured-img":"disabled","footer-sml-layout":"","ast-disable-related-posts":"","theme-transparent-header-meta":"","adv-header-id-meta":"","stick-header-meta":"","header-above-stick-meta":"","header-main-stick-meta":"","header-below-stick-meta":"","astra-migrate-meta-layouts":"default","ast-page-background-enabled":"default","ast-page-background-meta":{"desktop":{"background-color":"var(--ast-global-color-4)","background-image":"","background-repeat":"repeat","background-position":"center center","background-size":"auto","background-attachment":"scroll","background-type":"","background-media":"","overlay-type":"","overlay-color":"","overlay-opacity":"","overlay-gradient":""},"tablet":{"background-color":"","background-image":"","background-repeat":"repeat","background-position":"center center","background-size":"auto","background-attachment":"scroll","background-type":"","background-media":"","overlay-type":"","overlay-color":"","overlay-opacity":"","overlay-gradient":""},"mobile":{"background-color":"","background-image":"","background-repeat":"repeat","background-position":"center center","background-size":"auto","background-attachment":"scroll","background-type":"","background-media":"","overlay-type":"","overlay-color":"","overlay-opacity":"","overlay-gradient":""}},"ast-content-background-meta":{"desktop":{"background-color":"var(--ast-global-color-5)","background-image":"","background-repeat":"repeat","background-position":"center center","background-size":"auto","background-attachment":"scroll","background-type":"","background-media":"","overlay-type":"","overlay-color":"","overlay-opacity":"","overlay-gradient":""},"tablet":{"background-color":"var(--ast-global-color-5)","background-image":"","background-repeat":"repeat","background-position":"center center","background-size":"auto","background-attachment":"scroll","background-type":"","background-media":"","overlay-type":"","overlay-color":"","overlay-opacity":"","overlay-gradient":""},"mobile":{"background-color":"var(--ast-global-color-5)","background-image":"","background-repeat":"repeat","background-position":"center center","background-size":"auto","background-attachment":"scroll","background-type":"","background-media":"","overlay-type":"","overlay-color":"","overlay-opacity":"","overlay-gradient":""}}},"aioseo_notices":[],"_links":{"self":[{"href":"https:\/\/gagea.eu\/en\/wp-json\/wp\/v2\/pages\/74"}],"collection":[{"href":"https:\/\/gagea.eu\/en\/wp-json\/wp\/v2\/pages"}],"about":[{"href":"https:\/\/gagea.eu\/en\/wp-json\/wp\/v2\/types\/page"}],"author":[{"embeddable":true,"href":"https:\/\/gagea.eu\/en\/wp-json\/wp\/v2\/users\/1"}],"replies":[{"embeddable":true,"href":"https:\/\/gagea.eu\/en\/wp-json\/wp\/v2\/comments?post=74"}],"version-history":[{"count":14,"href":"https:\/\/gagea.eu\/en\/wp-json\/wp\/v2\/pages\/74\/revisions"}],"predecessor-version":[{"id":719,"href":"https:\/\/gagea.eu\/en\/wp-json\/wp\/v2\/pages\/74\/revisions\/719"}],"wp:attachment":[{"href":"https:\/\/gagea.eu\/en\/wp-json\/wp\/v2\/media?parent=74"}],"curies":[{"name":"wp","href":"https:\/\/api.w.org\/{rel}","templated":true}]}}